{"id":1806,"date":"2020-08-25T17:49:07","date_gmt":"2020-08-25T20:49:07","guid":{"rendered":"http:\/\/anyssa.com.br\/?page_id=1806"},"modified":"2021-05-17T18:49:53","modified_gmt":"2021-05-17T21:49:53","slug":"home-blocos-v02","status":"publish","type":"page","link":"https:\/\/anyssa.com.br\/en\/home-blocos-v02\/","title":{"rendered":"Home &#8211; blocos v02"},"content":{"rendered":"\n<div class=\"wp-block-group alignfull has-background is-layout-flow wp-block-group-is-layout-flow\" style=\"background-color:#000000\">\n<div class=\"wp-block-columns is-layout-flex wp-container-core-columns-is-layout-28f84493 wp-block-columns-is-layout-flex\">\n<div class=\"wp-block-column col-mobile-padding is-layout-flow wp-block-column-is-layout-flow\" style=\"flex-basis:40%\">\n<div class=\"wp-block-getwid-advanced-heading has-custom-font-size\" style=\"font-size:96px;margin-bottom:0px;margin-top:0px\"><span class=\"wp-block-getwid-advanced-heading__content has-text-color\" style=\"line-height:1em;padding-top:0px;padding-bottom:0px;color:#272727\">\u21ac<\/span><\/div>\n\n\n\n<div class=\"wp-block-getwid-advanced-heading display-title has-custom-font-size\" style=\"font-size:90px;margin-bottom:30px\"><span class=\"wp-block-getwid-advanced-heading__content has-text-color has-palette-color-5-color\" style=\"font-weight:700;line-height:1em\"><span style=\"text-decoration: underline;\" class=\"ek-underline\">Anyssa Ferreira<\/span><\/span><\/div>\n\n\n\n<p class=\"hero-text\">Designer e desenvolvedora web. Organizadora da Comunidade WordPress. Co-fundadora do est\u00fadio <a href=\"http:\/\/hastedesign.com.br\/\" class=\"ek-link\" target=\"_blank\" rel=\"noopener\"><strong>Haste<\/strong><\/a>.<\/p>\n\n\n\n<div class=\"wp-block-buttons has-mobile-text-align-right is-layout-flex wp-block-buttons-is-layout-flex\">\n<div class=\"wp-block-button\"><a class=\"wp-block-button__link has-background\" href=\"http:\/\/anyssa.com.br\/anyssa-ferreira\/\" style=\"background-color:#fd1c37\">Sobre<\/a><\/div>\n<\/div>\n\n\n\n<p><\/p>\n<\/div>\n\n\n\n<div class=\"wp-block-column is-vertically-aligned-bottom is-layout-flow wp-block-column-is-layout-flow\">\n<figure class=\"wp-block-image alignwide size-full is-style-default\"><img fetchpriority=\"high\" decoding=\"async\" width=\"1348\" height=\"900\" src=\"http:\/\/anyssa.com.br\/wp-content\/uploads\/2021\/03\/Anyssa-Ferreira.jpg\" alt=\"\" class=\"wp-image-1966\" srcset=\"https:\/\/anyssa.com.br\/wp-content\/uploads\/2021\/03\/Anyssa-Ferreira.jpg 1348w, https:\/\/anyssa.com.br\/wp-content\/uploads\/2021\/03\/Anyssa-Ferreira-300x200.jpg 300w, https:\/\/anyssa.com.br\/wp-content\/uploads\/2021\/03\/Anyssa-Ferreira-1024x684.jpg 1024w, https:\/\/anyssa.com.br\/wp-content\/uploads\/2021\/03\/Anyssa-Ferreira-768x513.jpg 768w\" sizes=\"(max-width: 1348px) 100vw, 1348px\" \/><\/figure>\n\n\n\n<div style=\"height:180px\" aria-hidden=\"true\" class=\"wp-block-spacer\"><\/div>\n<\/div>\n<\/div>\n<\/div>\n\n\n\n<div class=\"wp-block-getwid-section\" style=\"margin-top:-120px\"><div class=\"wp-block-getwid-section__wrapper getwid-padding-top-none getwid-padding-bottom-none getwid-padding-left-none getwid-padding-right-none\"><div class=\"wp-block-getwid-section__inner-wrapper\"><div class=\"wp-block-getwid-section__background-holder\"><div class=\"wp-block-getwid-section__background\"><\/div><div class=\"wp-block-getwid-section__foreground\"><\/div><\/div><div class=\"wp-block-getwid-section__content\"><div class=\"wp-block-getwid-section__inner-content\">\n<div class=\"wp-block-ugb-columns ugb-columns ugb-8d6778e ugb-columns--design-plain ugb-columns--columns-2 ugb-main-block\"><style>.ugb-8d6778e > .ugb-inner-block > .ugb-block-content > .ugb-columns__item{grid-template-columns:1.10fr 0.90fr !important}<\/style><div class=\"ugb-inner-block\"><div class=\"ugb-block-content\"><div class=\"ugb-columns__item ugb-8d6778e-content-wrapper\">\n<div class=\"wp-block-ugb-column ugb-column ugb-6895feb ugb-column--design-plain ugb-main-block\"><div class=\"ugb-inner-block\"><div class=\"ugb-block-content\"><div class=\"ugb-column__item ugb-6895feb-column-wrapper\"><div class=\"ugb-column__content-wrapper\">\n<div class=\"wp-block-getwid-video-popup has-image has-foreground-30\"><a class=\"wp-block-getwid-video-popup__link\" href=\"https:\/\/vimeo.com\/482598942\" target=\"_blank\" rel=\"noopener\"><div class=\"wp-block-getwid-video-popup__wrapper\" style=\"min-height:300px\"><img decoding=\"async\" width=\"1280\" height=\"660\" src=\"http:\/\/anyssa.com.br\/wp-content\/uploads\/2021\/03\/210210_1572_Anyssa_Ferreira_NLC_PT.png\" alt=\"\" class=\"wp-block-getwid-video-popup__image wp-block-getwid-video-popup__source wp-image-1947\" srcset=\"https:\/\/anyssa.com.br\/wp-content\/uploads\/2021\/03\/210210_1572_Anyssa_Ferreira_NLC_PT.png 1280w, https:\/\/anyssa.com.br\/wp-content\/uploads\/2021\/03\/210210_1572_Anyssa_Ferreira_NLC_PT-300x155.png 300w, https:\/\/anyssa.com.br\/wp-content\/uploads\/2021\/03\/210210_1572_Anyssa_Ferreira_NLC_PT-1024x528.png 1024w, https:\/\/anyssa.com.br\/wp-content\/uploads\/2021\/03\/210210_1572_Anyssa_Ferreira_NLC_PT-768x396.png 768w\" sizes=\"(max-width: 1280px) 100vw, 1280px\" \/><div class=\"wp-block-getwid-video-popup__button is-style-default has-animation-pulse is-size-small\" style=\"border-color:#fd1c37\"><div class=\"wp-block-getwid-video-popup__icon has-background\" style=\"background-color:#fd1c37;border-color:#fd1c37\"><i class=\"fas fa-play\"><\/i><\/div><\/div><\/div><\/a><div class=\"wp-block-getwid-video-popup__caption\"><\/div><\/div>\n<\/div><\/div><\/div><\/div><\/div>\n\n\n\n<div class=\"wp-block-ugb-column ugb-column ugb-6604140 ugb-column--design-plain ugb-main-block\"><style>.ugb-6604140 > .ugb-inner-block > .ugb-block-content > *{justify-content:flex-end !important}@media screen and (min-width:768px){.ugb-6604140 > .ugb-inner-block > .ugb-block-content > *{padding-top:30px !important;padding-bottom:30px !important;padding-right:30px !important;padding-left:30px !important}}<\/style><div class=\"ugb-inner-block\"><div class=\"ugb-block-content\"><div class=\"ugb-column__item ugb-6604140-column-wrapper\"><div class=\"ugb-column__content-wrapper\">\n<h2 class=\"wp-block-heading\"><a href=\"https:\/\/bitly.com\/CursoWPAnyssa\" class=\"ek-link\" target=\"_blank\" rel=\"noopener\">WordPress: crie um site profissional do <span style=\"text-decoration: underline;\" class=\"ek-underline\">zero<\/span><\/a><\/h2>\n\n\n\n<p>Conhe\u00e7a o meu curso, dispon\u00edvel na Dom\u00e9stika.<\/p>\n\n\n\n<div class=\"wp-block-buttons is-layout-flex wp-block-buttons-is-layout-flex\">\n<div class=\"wp-block-button\"><a class=\"wp-block-button__link has-background\" href=\"https:\/\/bitly.com\/CursoWPAnyssa\" style=\"background-color:#fd1c37\" target=\"_blank\" rel=\"noopener\">Ver curso \u2192<\/a><\/div>\n<\/div>\n<\/div><\/div><\/div><\/div><\/div>\n<\/div><\/div><\/div><\/div>\n\n\n\n<div class=\"wp-block-getwid-advanced-heading has-custom-font-size\" style=\"font-size:96px;margin-bottom:0px;margin-top:0px\"><span class=\"wp-block-getwid-advanced-heading__content has-text-color\" style=\"text-align:center;line-height:1em;padding-top:0px;padding-bottom:0px;color:#272727\">\u21ac<\/span><\/div>\n<\/div><\/div><\/div><\/div><\/div>\n\n\n\n<div class=\"wp-block-getwid-section getwid-section-content-custom-width\"><div class=\"wp-block-getwid-section__wrapper\"><div class=\"wp-block-getwid-section__inner-wrapper\" style=\"max-width:550px\"><div class=\"wp-block-getwid-section__background-holder\"><div class=\"wp-block-getwid-section__background\"><\/div><div class=\"wp-block-getwid-section__foreground\"><\/div><\/div><div class=\"wp-block-getwid-section__content\"><div class=\"wp-block-getwid-section__inner-content\">\n<p class=\"has-drop-cap has-text-align-left\">Me formei em Design Gr\u00e1fico, mas sempre me interessei pela web, ent\u00e3o aprendi desenvolvimento front-end por conta pr\u00f3pria, j\u00e1 que queria poder criar meus pr\u00f3prios sites. Conheci o WordPress nesta jornada, e ele se tornou a minha principal plataforma de trabalho. Em 2009 co-fundei o est\u00fadio Haste, que inicialmente era focado em design gr\u00e1fico. Hoje meu trabalho consiste em desenhar e planejar a interface e a experi\u00eancia dos projetos do est\u00fadio.<\/p>\n\n\n\n<p class=\"has-text-align-left\">Veja alguns projetos pessoais e experimentais \u2193<\/p>\n<\/div><\/div><\/div><\/div><\/div>\n\n\n\n<figure class=\"wp-block-gallery alignfull columns-5 is-cropped wp-block-gallery-1 is-layout-flex wp-block-gallery-is-layout-flex\"><ul class=\"blocks-gallery-grid\"><li class=\"blocks-gallery-item\"><figure><img decoding=\"async\" width=\"1080\" height=\"1080\" src=\"http:\/\/anyssa.com.br\/wp-content\/uploads\/2020\/08\/La-vie-est-belle-v1.png\" alt=\"\" data-id=\"1830\" data-full-url=\"http:\/\/anyssa.com.br\/wp-content\/uploads\/2020\/08\/La-vie-est-belle-v1.png\" data-link=\"http:\/\/anyssa.com.br\/home-blocos-v02\/attachment\/la-vie-est-belle-v1\/\" class=\"wp-image-1830\" srcset=\"https:\/\/anyssa.com.br\/wp-content\/uploads\/2020\/08\/La-vie-est-belle-v1.png 1080w, https:\/\/anyssa.com.br\/wp-content\/uploads\/2020\/08\/La-vie-est-belle-v1-300x300.png 300w, https:\/\/anyssa.com.br\/wp-content\/uploads\/2020\/08\/La-vie-est-belle-v1-1024x1024.png 1024w, https:\/\/anyssa.com.br\/wp-content\/uploads\/2020\/08\/La-vie-est-belle-v1-150x150.png 150w, https:\/\/anyssa.com.br\/wp-content\/uploads\/2020\/08\/La-vie-est-belle-v1-768x768.png 768w\" sizes=\"(max-width: 1080px) 100vw, 1080px\" \/><\/figure><\/li><li class=\"blocks-gallery-item\"><figure><img loading=\"lazy\" decoding=\"async\" width=\"1080\" height=\"1080\" src=\"http:\/\/anyssa.com.br\/wp-content\/uploads\/2018\/12\/Liquid-and-leaf.png\" alt=\"\" data-id=\"1334\" data-full-url=\"http:\/\/anyssa.com.br\/wp-content\/uploads\/2018\/12\/Liquid-and-leaf.png\" data-link=\"http:\/\/anyssa.com.br\/portfolio\/attachment\/liquid-and-leaf\/\" class=\"wp-image-1334\" srcset=\"https:\/\/anyssa.com.br\/wp-content\/uploads\/2018\/12\/Liquid-and-leaf.png 1080w, https:\/\/anyssa.com.br\/wp-content\/uploads\/2018\/12\/Liquid-and-leaf-150x150.png 150w, https:\/\/anyssa.com.br\/wp-content\/uploads\/2018\/12\/Liquid-and-leaf-300x300.png 300w, https:\/\/anyssa.com.br\/wp-content\/uploads\/2018\/12\/Liquid-and-leaf-768x768.png 768w, https:\/\/anyssa.com.br\/wp-content\/uploads\/2018\/12\/Liquid-and-leaf-1024x1024.png 1024w\" sizes=\"(max-width: 1080px) 100vw, 1080px\" \/><\/figure><\/li><li class=\"blocks-gallery-item\"><figure><img loading=\"lazy\" decoding=\"async\" width=\"1934\" height=\"1934\" src=\"http:\/\/anyssa.com.br\/wp-content\/uploads\/2020\/08\/curls.png\" alt=\"\" data-id=\"1831\" data-full-url=\"http:\/\/anyssa.com.br\/wp-content\/uploads\/2020\/08\/curls.png\" data-link=\"http:\/\/anyssa.com.br\/home-blocos-v02\/attachment\/curls\/\" class=\"wp-image-1831\" srcset=\"https:\/\/anyssa.com.br\/wp-content\/uploads\/2020\/08\/curls.png 1934w, https:\/\/anyssa.com.br\/wp-content\/uploads\/2020\/08\/curls-300x300.png 300w, https:\/\/anyssa.com.br\/wp-content\/uploads\/2020\/08\/curls-1024x1024.png 1024w, https:\/\/anyssa.com.br\/wp-content\/uploads\/2020\/08\/curls-150x150.png 150w, https:\/\/anyssa.com.br\/wp-content\/uploads\/2020\/08\/curls-768x768.png 768w, https:\/\/anyssa.com.br\/wp-content\/uploads\/2020\/08\/curls-1536x1536.png 1536w\" sizes=\"(max-width: 1934px) 100vw, 1934px\" \/><\/figure><\/li><li class=\"blocks-gallery-item\"><figure><img loading=\"lazy\" decoding=\"async\" width=\"1920\" height=\"1920\" src=\"http:\/\/anyssa.com.br\/wp-content\/uploads\/2020\/08\/Poster-03-A-copy-Insta.png\" alt=\"\" data-id=\"1821\" data-full-url=\"http:\/\/anyssa.com.br\/wp-content\/uploads\/2020\/08\/Poster-03-A-copy-Insta.png\" data-link=\"http:\/\/anyssa.com.br\/home-blocos-v02\/attachment\/poster-03-a-copy-insta\/\" class=\"wp-image-1821\" srcset=\"https:\/\/anyssa.com.br\/wp-content\/uploads\/2020\/08\/Poster-03-A-copy-Insta.png 1920w, https:\/\/anyssa.com.br\/wp-content\/uploads\/2020\/08\/Poster-03-A-copy-Insta-300x300.png 300w, https:\/\/anyssa.com.br\/wp-content\/uploads\/2020\/08\/Poster-03-A-copy-Insta-1024x1024.png 1024w, https:\/\/anyssa.com.br\/wp-content\/uploads\/2020\/08\/Poster-03-A-copy-Insta-150x150.png 150w, https:\/\/anyssa.com.br\/wp-content\/uploads\/2020\/08\/Poster-03-A-copy-Insta-768x768.png 768w, https:\/\/anyssa.com.br\/wp-content\/uploads\/2020\/08\/Poster-03-A-copy-Insta-1536x1536.png 1536w\" sizes=\"(max-width: 1920px) 100vw, 1920px\" \/><\/figure><\/li><li class=\"blocks-gallery-item\"><figure><img loading=\"lazy\" decoding=\"async\" width=\"1920\" height=\"1920\" src=\"http:\/\/anyssa.com.br\/wp-content\/uploads\/2020\/08\/gotta-love-yourself.png\" alt=\"\" data-id=\"1822\" data-full-url=\"http:\/\/anyssa.com.br\/wp-content\/uploads\/2020\/08\/gotta-love-yourself.png\" data-link=\"http:\/\/anyssa.com.br\/home-blocos-v02\/attachment\/gotta-love-yourself\/\" class=\"wp-image-1822\" srcset=\"https:\/\/anyssa.com.br\/wp-content\/uploads\/2020\/08\/gotta-love-yourself.png 1920w, https:\/\/anyssa.com.br\/wp-content\/uploads\/2020\/08\/gotta-love-yourself-300x300.png 300w, https:\/\/anyssa.com.br\/wp-content\/uploads\/2020\/08\/gotta-love-yourself-1024x1024.png 1024w, https:\/\/anyssa.com.br\/wp-content\/uploads\/2020\/08\/gotta-love-yourself-150x150.png 150w, https:\/\/anyssa.com.br\/wp-content\/uploads\/2020\/08\/gotta-love-yourself-768x768.png 768w, https:\/\/anyssa.com.br\/wp-content\/uploads\/2020\/08\/gotta-love-yourself-1536x1536.png 1536w\" sizes=\"(max-width: 1920px) 100vw, 1920px\" \/><\/figure><\/li><li class=\"blocks-gallery-item\"><figure><img loading=\"lazy\" decoding=\"async\" width=\"1366\" height=\"1092\" src=\"http:\/\/anyssa.com.br\/wp-content\/uploads\/2019\/01\/Chic.pet-Anyssa-Ferreira.jpg\" alt=\"\" data-id=\"1408\" data-full-url=\"http:\/\/anyssa.com.br\/wp-content\/uploads\/2019\/01\/Chic.pet-Anyssa-Ferreira.jpg\" data-link=\"http:\/\/anyssa.com.br\/chic-pet-anyssa-ferreira\/\" class=\"wp-image-1408\" srcset=\"https:\/\/anyssa.com.br\/wp-content\/uploads\/2019\/01\/Chic.pet-Anyssa-Ferreira.jpg 1366w, https:\/\/anyssa.com.br\/wp-content\/uploads\/2019\/01\/Chic.pet-Anyssa-Ferreira-300x240.jpg 300w, https:\/\/anyssa.com.br\/wp-content\/uploads\/2019\/01\/Chic.pet-Anyssa-Ferreira-768x614.jpg 768w, https:\/\/anyssa.com.br\/wp-content\/uploads\/2019\/01\/Chic.pet-Anyssa-Ferreira-1024x819.jpg 1024w\" sizes=\"(max-width: 1366px) 100vw, 1366px\" \/><\/figure><\/li><li class=\"blocks-gallery-item\"><figure><img loading=\"lazy\" decoding=\"async\" width=\"958\" height=\"900\" src=\"http:\/\/anyssa.com.br\/wp-content\/uploads\/2019\/01\/Salmon-and-Green-01-Anyssa-Ferreira.jpg\" alt=\"\" data-id=\"1399\" data-full-url=\"http:\/\/anyssa.com.br\/wp-content\/uploads\/2019\/01\/Salmon-and-Green-01-Anyssa-Ferreira.jpg\" data-link=\"http:\/\/anyssa.com.br\/salmon-and-green-01-anyssa-ferreira\/\" class=\"wp-image-1399\" srcset=\"https:\/\/anyssa.com.br\/wp-content\/uploads\/2019\/01\/Salmon-and-Green-01-Anyssa-Ferreira.jpg 958w, https:\/\/anyssa.com.br\/wp-content\/uploads\/2019\/01\/Salmon-and-Green-01-Anyssa-Ferreira-300x282.jpg 300w, https:\/\/anyssa.com.br\/wp-content\/uploads\/2019\/01\/Salmon-and-Green-01-Anyssa-Ferreira-768x722.jpg 768w\" sizes=\"(max-width: 958px) 100vw, 958px\" \/><\/figure><\/li><li class=\"blocks-gallery-item\"><figure><img loading=\"lazy\" decoding=\"async\" width=\"1280\" height=\"1231\" src=\"http:\/\/anyssa.com.br\/wp-content\/uploads\/2018\/05\/lua-cheia.jpeg\" alt=\"\" data-id=\"836\" data-full-url=\"http:\/\/anyssa.com.br\/wp-content\/uploads\/2018\/05\/lua-cheia.jpeg\" data-link=\"http:\/\/anyssa.com.br\/home\/attachment\/lua-cheia\/\" class=\"wp-image-836\" srcset=\"https:\/\/anyssa.com.br\/wp-content\/uploads\/2018\/05\/lua-cheia.jpeg 1280w, https:\/\/anyssa.com.br\/wp-content\/uploads\/2018\/05\/lua-cheia-300x289.jpeg 300w, https:\/\/anyssa.com.br\/wp-content\/uploads\/2018\/05\/lua-cheia-768x739.jpeg 768w, https:\/\/anyssa.com.br\/wp-content\/uploads\/2018\/05\/lua-cheia-1024x985.jpeg 1024w, https:\/\/anyssa.com.br\/wp-content\/uploads\/2018\/05\/lua-cheia-600x577.jpeg 600w\" sizes=\"(max-width: 1280px) 100vw, 1280px\" \/><\/figure><\/li><li class=\"blocks-gallery-item\"><figure><img loading=\"lazy\" decoding=\"async\" width=\"1920\" height=\"1920\" src=\"http:\/\/anyssa.com.br\/wp-content\/uploads\/2020\/08\/Poster-09-Clever-Insta-03.png\" alt=\"\" data-id=\"1824\" data-full-url=\"http:\/\/anyssa.com.br\/wp-content\/uploads\/2020\/08\/Poster-09-Clever-Insta-03.png\" data-link=\"http:\/\/anyssa.com.br\/home-blocos-v02\/attachment\/poster-09-clever-insta-03\/\" class=\"wp-image-1824\" srcset=\"https:\/\/anyssa.com.br\/wp-content\/uploads\/2020\/08\/Poster-09-Clever-Insta-03.png 1920w, https:\/\/anyssa.com.br\/wp-content\/uploads\/2020\/08\/Poster-09-Clever-Insta-03-300x300.png 300w, https:\/\/anyssa.com.br\/wp-content\/uploads\/2020\/08\/Poster-09-Clever-Insta-03-1024x1024.png 1024w, https:\/\/anyssa.com.br\/wp-content\/uploads\/2020\/08\/Poster-09-Clever-Insta-03-150x150.png 150w, https:\/\/anyssa.com.br\/wp-content\/uploads\/2020\/08\/Poster-09-Clever-Insta-03-768x768.png 768w, https:\/\/anyssa.com.br\/wp-content\/uploads\/2020\/08\/Poster-09-Clever-Insta-03-1536x1536.png 1536w\" sizes=\"(max-width: 1920px) 100vw, 1920px\" \/><\/figure><\/li><\/ul><\/figure>\n\n\n\n<div style=\"height:60px\" aria-hidden=\"true\" class=\"wp-block-spacer\"><\/div>\n\n\n\n<div class=\"wp-block-columns are-vertically-aligned-center is-layout-flex wp-container-core-columns-is-layout-28f84493 wp-block-columns-is-layout-flex\">\n<div class=\"wp-block-column is-vertically-aligned-center is-layout-flow wp-block-column-is-layout-flow\" style=\"flex-basis:70%\">\n<div class=\"wp-block-image\"><figure class=\"alignleft size-large\"><img loading=\"lazy\" decoding=\"async\" width=\"1024\" height=\"1024\" src=\"http:\/\/anyssa.com.br\/wp-content\/uploads\/2020\/06\/www.hastedesign.com_.br_iPhone-X_iphonexspacegrey_portrait-1024x1024.png\" alt=\"\" class=\"wp-image-1683\" srcset=\"https:\/\/anyssa.com.br\/wp-content\/uploads\/2020\/06\/www.hastedesign.com_.br_iPhone-X_iphonexspacegrey_portrait-1024x1024.png 1024w, https:\/\/anyssa.com.br\/wp-content\/uploads\/2020\/06\/www.hastedesign.com_.br_iPhone-X_iphonexspacegrey_portrait-300x300.png 300w, https:\/\/anyssa.com.br\/wp-content\/uploads\/2020\/06\/www.hastedesign.com_.br_iPhone-X_iphonexspacegrey_portrait-150x150.png 150w, https:\/\/anyssa.com.br\/wp-content\/uploads\/2020\/06\/www.hastedesign.com_.br_iPhone-X_iphonexspacegrey_portrait-768x768.png 768w, https:\/\/anyssa.com.br\/wp-content\/uploads\/2020\/06\/www.hastedesign.com_.br_iPhone-X_iphonexspacegrey_portrait-1536x1536.png 1536w, https:\/\/anyssa.com.br\/wp-content\/uploads\/2020\/06\/www.hastedesign.com_.br_iPhone-X_iphonexspacegrey_portrait.png 2000w\" sizes=\"(max-width: 1024px) 100vw, 1024px\" \/><\/figure><\/div>\n<\/div>\n\n\n\n<div class=\"wp-block-column is-vertically-aligned-center is-layout-flow wp-block-column-is-layout-flow\" style=\"flex-basis:59%\">\n<h2 class=\"wp-block-heading\">Est\u00fadio Haste<\/h2>\n\n\n\n<p>Para falar sobre projetos, consultoria, e treinamentos relacionados \u00e0 design de interface e de experi\u00eancia de usu\u00e1rio para a web, e desenvolvimento WordPress, entre em contato com o est\u00fadio Haste.<\/p>\n\n\n\n<div class=\"wp-block-buttons is-layout-flex wp-block-buttons-is-layout-flex\">\n<div class=\"wp-block-button is-style-outline is-style-outline--2\"><a class=\"wp-block-button__link\" href=\"http:\/\/hastedesign.com.br\/\" target=\"_blank\" rel=\"noopener\">Saiba mais<\/a><\/div>\n<\/div>\n<\/div>\n<\/div>\n\n\n\n<div style=\"height:60px\" aria-hidden=\"true\" class=\"wp-block-spacer\"><\/div>\n\n\n\n<p><\/p>\n","protected":false},"excerpt":{"rendered":"<p>Designer e desenvolvedora web. Organizadora da Comunidade WordPress. Co-fundadora do est\u00fadio Haste. Est\u00fadio Haste Para falar sobre projetos, consultoria, e treinamentos relacionados \u00e0 design de interface e de experi\u00eancia de usu\u00e1rio para a web, e desenvolvimento WordPress, entre em contato com o est\u00fadio Haste.<\/p>\n","protected":false},"author":2,"featured_media":0,"parent":0,"menu_order":11,"comment_status":"closed","ping_status":"closed","template":"","meta":{"_editorskit_title_hidden":false,"_editorskit_reading_time":1,"_editorskit_is_block_options_detached":false,"_editorskit_block_options_position":"{}","_eb_attr":"","_monsterinsights_skip_tracking":false,"_monsterinsights_sitenote_active":false,"_monsterinsights_sitenote_note":"","_monsterinsights_sitenote_category":0,"footnotes":""},"class_list":["post-1806","page","type-page","status-publish","hentry"],"blocksy_meta":{"page_title_panel":"","has_hero_section":"disabled","f49bf8e19734b1650e773dabd44c50a8":"","hero_section":"type-1","hero_elements":[{"id":"custom_title","enabled":true,"heading_tag":"h1","title":"Home"},{"id":"custom_description","enabled":true,"description_visibility":{"desktop":true,"tablet":true,"mobile":false}},{"id":"custom_meta","enabled":false,"meta_elements":[{"id":"author","enabled":true,"label":"By","has_author_avatar":"yes","avatar_size":25},{"id":"post_date","enabled":true,"label":"On","date_format_source":"default","date_format":"M j, Y"},{"id":"comments","enabled":true}],"page_meta_elements":{"joined":true,"articles_count":true,"comments":true}},{"id":"breadcrumbs","enabled":false}],"a6bd122624f545c91793fd2d84c26e8d":"","hero_alignment1":"left","hero_alignment2":"center","hero_height":"230px","page_title_bg_type":"color","custom_hero_background":{"attachment_id":null},"parallax":{"desktop":false,"tablet":false,"mobile":false},"pageTitleFont":{"family":"Default","variation":"Default","size":{"desktop":"32px","tablet":"30px","mobile":"25px"},"line-height":"1.3","letter-spacing":"CT_CSS_SKIP_RULE","text-transform":"CT_CSS_SKIP_RULE","text-decoration":"CT_CSS_SKIP_RULE"},"pageTitleFontColor":{"default":{"color":"CT_CSS_SKIP_RULEDEFAULT"}},"pageMetaFont":{"family":"Default","variation":"n6","size":{"desktop":"12px","tablet":"12px","mobile":"12px"},"line-height":"1.3","letter-spacing":"CT_CSS_SKIP_RULE","text-transform":"uppercase","text-decoration":"CT_CSS_SKIP_RULE"},"pageMetaFontColor":{"default":{"color":"CT_CSS_SKIP_RULEDEFAULT"},"hover":{"color":"CT_CSS_SKIP_RULEDEFAULT"}},"pageExcerptFont":{"family":"Default","variation":"n5","size":"CT_CSS_SKIP_RULE","line-height":"CT_CSS_SKIP_RULE","letter-spacing":"CT_CSS_SKIP_RULE","text-transform":"CT_CSS_SKIP_RULE","text-decoration":"CT_CSS_SKIP_RULE"},"pageExcerptColor":{"default":{"color":"CT_CSS_SKIP_RULEDEFAULT"}},"breadcrumbsFont":{"family":"Default","variation":"n6","size":"12px","line-height":"CT_CSS_SKIP_RULE","letter-spacing":"CT_CSS_SKIP_RULE","text-transform":"uppercase","text-decoration":"CT_CSS_SKIP_RULE"},"breadcrumbsFontColor":{"default":{"color":"CT_CSS_SKIP_RULEDEFAULT"},"initial":{"color":"CT_CSS_SKIP_RULEDEFAULT"},"hover":{"color":"CT_CSS_SKIP_RULEDEFAULT"}},"pageTitleOverlay":{"default":{"color":"rgba(41, 51, 60, 0.2)"}},"pageTitleBackground":{"background_type":"color","background_pattern":"type-1","background_image":{"attachment_id":null,"x":0,"y":0},"background_repeat":"no-repeat","background_size":"auto","background_attachment":"scroll","patternColor":{"default":{"color":"#e5e7ea"}},"backgroundColor":{"default":{"color":"#EDEFF2"}}},"5cd9ea02e22dafd11e73d34facd8664a":"","page_structure_type":"default","page_enable_vertical_spacing":"no","4a98c48b29c934a014aa8e05edf35483":"","disable_featured_image":"no","9530e7fd7b2ae2245f40373599cea72e":"","8a7100cbdf637e9ea2ab6a2d890cc257":"","hero_vertical_alignment":"center","0b485ece149d5b0cfc109e9102104979":"","hero_structure":"narrow","1b241857e9abb5851da6142da333cf3f":"","40dd33c00059e5e8c733eb29bb29bdd5":"","4f6a8317bd00e093f4b3c28ea4d0be0b":"","content_style":"inherit","vertical_spacing_source":"custom","content_area_spacing":"bottom","background":{"background_type":"color","background_pattern":"type-1","background_image":{"attachment_id":null,"x":0,"y":0},"background_repeat":"no-repeat","background_size":"auto","background_attachment":"scroll","patternColor":{"default":{"color":"#e5e7ea"}},"backgroundColor":{"default":{"color":"CT_CSS_SKIP_RULE"}}},"content_background":{"background_type":"color","background_pattern":"type-1","background_image":{"attachment_id":null,"x":0,"y":0},"background_repeat":"no-repeat","background_size":"auto","background_attachment":"scroll","patternColor":{"default":{"color":"#e5e7ea"}},"backgroundColor":{"default":{"color":"#ffffff"}}},"content_boxed_spacing":{"desktop":"40px","tablet":"35px","mobile":"20px"},"content_boxed_radius":{"top":"3px","bottom":"3px","left":"3px","right":"3px","linked":true},"content_boxed_shadow":{"blur":18,"spread":-6,"v_offset":12,"h_offset":0,"inset":false,"enable":true,"color":{"color":"rgba(34, 56, 101, 0.04)"}},"19e81dda3005093ccf8b70105c3d5e83":"","disable_header":"no","disable_footer":"no","styles_descriptor":{"styles":{"desktop":"","tablet":"","mobile":""},"google_fonts":[],"version":6}},"_links":{"self":[{"href":"https:\/\/anyssa.com.br\/en\/wp-json\/wp\/v2\/pages\/1806","targetHints":{"allow":["GET"]}}],"collection":[{"href":"https:\/\/anyssa.com.br\/en\/wp-json\/wp\/v2\/pages"}],"about":[{"href":"https:\/\/anyssa.com.br\/en\/wp-json\/wp\/v2\/types\/page"}],"author":[{"embeddable":true,"href":"https:\/\/anyssa.com.br\/en\/wp-json\/wp\/v2\/users\/2"}],"replies":[{"embeddable":true,"href":"https:\/\/anyssa.com.br\/en\/wp-json\/wp\/v2\/comments?post=1806"}],"version-history":[{"count":4,"href":"https:\/\/anyssa.com.br\/en\/wp-json\/wp\/v2\/pages\/1806\/revisions"}],"predecessor-version":[{"id":1993,"href":"https:\/\/anyssa.com.br\/en\/wp-json\/wp\/v2\/pages\/1806\/revisions\/1993"}],"wp:attachment":[{"href":"https:\/\/anyssa.com.br\/en\/wp-json\/wp\/v2\/media?parent=1806"}],"curies":[{"name":"wp","href":"https:\/\/api.w.org\/{rel}","templated":true}]}}